{"id":3173,"date":"2018-09-25T12:01:11","date_gmt":"2018-09-25T12:01:11","guid":{"rendered":"http:\/\/192.168.1.114\/havnor-demo\/creative-agency\/?page_id=3173"},"modified":"2024-07-21T17:17:59","modified_gmt":"2024-07-21T17:17:59","slug":"home-creative-agency","status":"publish","type":"page","link":"https:\/\/klmvomtanneck.com\/","title":{"rendered":"Home"},"content":{"rendered":"<p>[vc_row overlay_dotted=&#8220;&#8220; css=&#8220;.vc_custom_1545383519395{padding-top: 10% !important;}&#8220;][vc_column css_animation=&#8220;fadeInUp&#8220; el_id=&#8220;WirStellenUnsVor&#8220;]<div class=\"hanor-section-title section-title-one hanor-stitle-69e34d357c520-wir-stellen-uns-vor cpation-center \"><h2 class=\"section-title\">Wir stellen uns vor<\/h2><p>In Hornberg an der Schwarzwaldbahn, in ruhiger Ortsrandlage, wohnen wir, Bernd und Angelika Blum, in unserem Haus mit Garten und direkt angrenzendem Bachlauf. Ein Umfeld mit viel Platz f\u00fcr Zwinger und Auslauf und somit optimal f\u00fcr die Hundehaltung.<\/p><\/div>[\/vc_column][\/vc_row][vc_row content_placement=&#8220;middle&#8220; overlay_dotted=&#8220;true&#8220;][vc_column css=&#8220;.vc_custom_1530267718294{padding-top: 0px !important;}&#8220;][vc_single_image image=&#8220;4487&#8243; img_size=&#8220;large&#8220; alignment=&#8220;center&#8220; css_animation=&#8220;fadeInUp&#8220;][vc_row_inner][vc_column_inner][vc_column_text css_animation=&#8220;fadeInUp&#8220; css=&#8220;.vc_custom_1551203766065{padding-right: 100px !important;padding-left: 100px !important;}&#8220;]<\/p>\n<p style=\"text-align: center;\">Seit ich den Jagdschein habe (1988) f\u00fchre ich einen Hund und kann mir nicht mehr vorstellen, ohne Hund zur Jagd zu gehen. Ob Ansitz oder Dr\u00fcckjagd im Feld, Wald oder am Wasser, spielt dabei keine Rolle. Die Nase eines Hundes ist bei der Jagd einfach unverzichtbar.<\/p>\n<p style=\"text-align: center;\">Warum ich mich gerade f\u00fcr einen KLM entschieden habe, mag zun\u00e4chst an seinem Aussehen gelegen haben.Weitere Vorz\u00fcge wurden mir erst sp\u00e4ter bewusst.<\/p>\n<p style=\"text-align: center;\">Er ist gro\u00df genug um apportieren zu k\u00f6nnen, dennoch von einer angemessenen Statur f\u00fcr die Haltung im Haus. Er ist nach ausreichender Ausbildung f\u00fcr fast alle Jagdarten einsetzbar. So haben wir beschlossen, nach bestandener VGP, zu z\u00fcchten.<\/p>\n<p style=\"text-align: center;\">Seit 2011 bin ich als Verbandsrichter beim JGHV und als Hundeobmann bei der J\u00e4gervereinigung Kinzigtal t\u00e4tig.<\/p>\n<p>[\/vc_column_text][\/vc_column_inner][\/vc_row_inner][\/vc_column][\/vc_row][vc_row][vc_column text_alignment=&#8220;text-center&#8220;][vc_gallery type=&#8220;nivo&#8220; interval=&#8220;5&#8243; images=&#8220;4737,4738,4739,4740,4741,4742,4743,4748,4751,4945,5281,5280,5279,5278,5277,5276,5275,5274,5267,5256,5253,5250,5254,5213&#8243; img_size=&#8220;large&#8220; onclick=&#8220;&#8220;][\/vc_column][\/vc_row]<\/p>\n","protected":false},"excerpt":{"rendered":"[vc_row overlay_dotted=&#8220;&#8220; css=&#8220;.vc_custom_1545383519395{padding-top: 10% !important;}&#8220;][vc_column css_animation=&#8220;fadeInUp&#8220; el_id=&#8220;WirStellenUnsVor&#8220;][\/vc_column][\/vc_row][vc_row content_placement=&#8220;middle&#8220; overlay_dotted=&#8220;true&#8220;][vc_column css=&#8220;.vc_custom_1530267718294{padding-top: 0px !important;}&#8220;][vc_single_image image=&#8220;4487&#8243; img_size=&#8220;large&#8220; alignment=&#8220;center&#8220; css_animation=&#8220;fadeInUp&#8220;][vc_row_inner][vc_column_inner][vc_column_text css_animation=&#8220;fadeInUp&#8220; css=&#8220;.vc_custom_1551203766065{padding-right: 100px !important;padding-left: 100px !important;}&#8220;] Seit ich den Jagdschein habe (1988) f\u00fchre ich einen Hund und kann mir nicht mehr vorstellen, ohne Hund zur Jagd zu gehen. Ob Ansitz oder Dr\u00fcckjagd im Feld, Wald oder am Wasser, spielt&#8230;","protected":false},"author":1,"featured_media":0,"parent":0,"menu_order":0,"comment_status":"closed","ping_status":"closed","template":"","meta":[],"_links":{"self":[{"href":"https:\/\/klmvomtanneck.com\/index.php?rest_route=\/wp\/v2\/pages\/3173"}],"collection":[{"href":"https:\/\/klmvomtanneck.com\/index.php?rest_route=\/wp\/v2\/pages"}],"about":[{"href":"https:\/\/klmvomtanneck.com\/index.php?rest_route=\/wp\/v2\/types\/page"}],"author":[{"embeddable":true,"href":"https:\/\/klmvomtanneck.com\/index.php?rest_route=\/wp\/v2\/users\/1"}],"replies":[{"embeddable":true,"href":"https:\/\/klmvomtanneck.com\/index.php?rest_route=%2Fwp%2Fv2%2Fcomments&post=3173"}],"version-history":[{"count":4,"href":"https:\/\/klmvomtanneck.com\/index.php?rest_route=\/wp\/v2\/pages\/3173\/revisions"}],"predecessor-version":[{"id":5282,"href":"https:\/\/klmvomtanneck.com\/index.php?rest_route=\/wp\/v2\/pages\/3173\/revisions\/5282"}],"wp:attachment":[{"href":"https:\/\/klmvomtanneck.com\/index.php?rest_route=%2Fwp%2Fv2%2Fmedia&parent=3173"}],"curies":[{"name":"wp","href":"https:\/\/api.w.org\/{rel}","templated":true}]}}