{"id":4575,"date":"2019-01-09T14:49:51","date_gmt":"2019-01-09T14:49:51","guid":{"rendered":"http:\/\/klm.atworx.de\/?page_id=4575"},"modified":"2019-01-09T14:49:51","modified_gmt":"2019-01-09T14:49:51","slug":"ueber-uns","status":"publish","type":"page","link":"https:\/\/klmvomtanneck.com\/?page_id=4575","title":{"rendered":"\u00dcber uns"},"content":{"rendered":"<p>[vc_row overlay_dotted=&#8220;&#8220; css=&#8220;.vc_custom_1545383519395{padding-top: 10% !important;}&#8220;][vc_column css_animation=&#8220;fadeInUp&#8220; el_id=&#8220;WirStellenUnsVor&#8220;]<div class=\"hanor-section-title section-title-one hanor-stitle-69f2eb69a66cb-wir-stellen-uns-vor cpation-center \"><h2 class=\"section-title\">Wir stellen uns vor<\/h2><p>In Hornberg an der Schwarzwaldbahn, in ruhiger Ortsrandlage, wohnen wir, Bernd und Angelika Blum, in unserem Haus mit Garten und direkt angrenzendem Bachlauf. Ein Umfeld mit viel Platz f\u00fcr Zwinger und Auslauf und somit optimal f\u00fcr die Hundehaltung.<\/p><\/div>[\/vc_column][\/vc_row][vc_row content_placement=&#8220;middle&#8220; overlay_dotted=&#8220;true&#8220;][vc_column css=&#8220;.vc_custom_1530267718294{padding-top: 0px !important;}&#8220;][vc_single_image image=&#8220;4487&#8243; img_size=&#8220;large&#8220; alignment=&#8220;center&#8220; css_animation=&#8220;fadeInUp&#8220;][vc_row_inner][vc_column_inner][vc_column_text css_animation=&#8220;fadeInUp&#8220; css=&#8220;.vc_custom_1547038352740{padding-right: 100px !important;padding-left: 100px !important;}&#8220;]<\/p>\n<p style=\"text-align: center;\">Das nahegelegene Revier liegt zwischen 500 und 800 Metern H\u00f6he. Bestehend aus 100 ha Feld u 200 ha Wald.<\/p>\n<p style=\"text-align: center;\">Seit ich den Jagdschein habe (1988) f\u00fchre ich einen Hund und kann mir nicht mehr vorstellen, ohne Hund zur Jagd zu gehen. Ob Ansitz oder Dr\u00fcckjagd im Feld, Wald oder am Wasser, spielt dabei keine Rolle. Die Nase eines Hundes ist bei der Jagd einfach unverzichtbar.<\/p>\n<p style=\"text-align: center;\">Warum ich mich gerade f\u00fcr einen KLM entschieden habe, mag zun\u00e4chst an seinem Aussehen gelegen haben.Weitere Vorz\u00fcge wurden mir erst sp\u00e4ter bewust.<\/p>\n<p style=\"text-align: center;\">Er ist gro\u00df genug um apportieren zu k\u00f6nnen, dennoch von einer angemessenen Statur f\u00fcr die Haltung im Haus. Er ist nach ausreichender Ausbildung f\u00fcr fast alle Jagdarten einsetzbar. So haben wir beschlossen, nach bestandener VGP, zu z\u00fcchten.<\/p>\n<p>[\/vc_column_text][\/vc_column_inner][\/vc_row_inner][\/vc_column][\/vc_row]<\/p>\n","protected":false},"excerpt":{"rendered":"[vc_row overlay_dotted=&#8220;&#8220; css=&#8220;.vc_custom_1545383519395{padding-top: 10% !important;}&#8220;][vc_column css_animation=&#8220;fadeInUp&#8220; el_id=&#8220;WirStellenUnsVor&#8220;][\/vc_column][\/vc_row][vc_row content_placement=&#8220;middle&#8220; overlay_dotted=&#8220;true&#8220;][vc_column css=&#8220;.vc_custom_1530267718294{padding-top: 0px !important;}&#8220;][vc_single_image image=&#8220;4487&#8243; img_size=&#8220;large&#8220; alignment=&#8220;center&#8220; css_animation=&#8220;fadeInUp&#8220;][vc_row_inner][vc_column_inner][vc_column_text css_animation=&#8220;fadeInUp&#8220; css=&#8220;.vc_custom_1547038352740{padding-right: 100px !important;padding-left: 100px !important;}&#8220;] Das nahegelegene Revier liegt zwischen 500 und 800 Metern H\u00f6he. Bestehend aus 100 ha Feld u 200 ha Wald. Seit ich den Jagdschein habe (1988) f\u00fchre ich einen Hund und kann mir nicht&#8230;","protected":false},"author":1,"featured_media":0,"parent":0,"menu_order":0,"comment_status":"closed","ping_status":"closed","template":"","meta":[],"_links":{"self":[{"href":"https:\/\/klmvomtanneck.com\/index.php?rest_route=\/wp\/v2\/pages\/4575"}],"collection":[{"href":"https:\/\/klmvomtanneck.com\/index.php?rest_route=\/wp\/v2\/pages"}],"about":[{"href":"https:\/\/klmvomtanneck.com\/index.php?rest_route=\/wp\/v2\/types\/page"}],"author":[{"embeddable":true,"href":"https:\/\/klmvomtanneck.com\/index.php?rest_route=\/wp\/v2\/users\/1"}],"replies":[{"embeddable":true,"href":"https:\/\/klmvomtanneck.com\/index.php?rest_route=%2Fwp%2Fv2%2Fcomments&post=4575"}],"version-history":[{"count":0,"href":"https:\/\/klmvomtanneck.com\/index.php?rest_route=\/wp\/v2\/pages\/4575\/revisions"}],"wp:attachment":[{"href":"https:\/\/klmvomtanneck.com\/index.php?rest_route=%2Fwp%2Fv2%2Fmedia&parent=4575"}],"curies":[{"name":"wp","href":"https:\/\/api.w.org\/{rel}","templated":true}]}}