{"id":4583,"date":"2019-01-09T14:51:34","date_gmt":"2019-01-09T14:51:34","guid":{"rendered":"http:\/\/klm.atworx.de\/?page_id=4583"},"modified":"2019-03-09T15:20:21","modified_gmt":"2019-03-09T15:20:21","slug":"ueber-welpen","status":"publish","type":"page","link":"https:\/\/klmvomtanneck.com\/?page_id=4583","title":{"rendered":"\u00dcber Welpen"},"content":{"rendered":"<p>[vc_row overlay_dotted=&#8220;&#8220; css=&#8220;.vc_custom_1545383519395{padding-top: 10% !important;}&#8220;][vc_column css_animation=&#8220;fadeInUp&#8220; el_id=&#8220;WirStellenUnsVor&#8220;]<div class=\"hanor-section-title section-title-one hanor-stitle-69f2eaf22b338-wer-bekommt-einen-welpen cpation-center \"><h2 class=\"section-title\">Wer bekommt einen Welpen?<\/h2><\/div>[vc_column_text]Vorrangig bekommen J\u00e4ger einen Welpen, welche ihren Hund jagdlich f\u00fchren und ausbilden wollen, also wenigstens an den Anlagepr\u00fcfungen (VJP) und (HZP) teilnehmen.<\/p>\n<p>Wer auch immer einen Welpen m\u00f6chte, sollte nach dem Aussuchen, noch mindestens 2-mal zu uns kommen,um sich mit ihm zu besch\u00e4ftigen, wodurch die Umstellung am Tag des Abholens f\u00fcr die Kleinen wesentlich erleichtert wird.<\/p>\n<p>Weiter ist es empfehlenswert, sich die ersten Tage f\u00fcr den Welpen frei zu nehmen. Das Halten im Wechsel zwischen Zwinger und Haus hat sich bew\u00e4hrt. Ist der Hund nur im Zwinger, f\u00f6rdert dies die Bindung zwischen Herrchen und Hund nicht![\/vc_column_text][\/vc_column][\/vc_row][vc_row][vc_column][\/vc_column][\/vc_row][vc_row content_placement=&#8220;middle&#8220; overlay_dotted=&#8220;true&#8220;][vc_column][vc_gallery type=&#8220;nivo&#8220; interval=&#8220;5&#8243; images=&#8220;4757,4754,4753,4748,4750,4732,4758,4946,4854&#8243; img_size=&#8220;large&#8220; onclick=&#8220;&#8220;][\/vc_column][\/vc_row]<\/p>\n","protected":false},"excerpt":{"rendered":"[vc_row overlay_dotted=&#8220;&#8220; css=&#8220;.vc_custom_1545383519395{padding-top: 10% !important;}&#8220;][vc_column css_animation=&#8220;fadeInUp&#8220; el_id=&#8220;WirStellenUnsVor&#8220;][vc_column_text]Vorrangig bekommen J\u00e4ger einen Welpen, welche ihren Hund jagdlich f\u00fchren und ausbilden wollen, also wenigstens an den Anlagepr\u00fcfungen (VJP) und (HZP) teilnehmen. Wer auch immer einen Welpen m\u00f6chte, sollte nach dem Aussuchen, noch mindestens 2-mal zu uns kommen,um sich mit ihm zu besch\u00e4ftigen, wodurch die Umstellung am Tag des&#8230;","protected":false},"author":1,"featured_media":0,"parent":0,"menu_order":0,"comment_status":"closed","ping_status":"closed","template":"","meta":[],"_links":{"self":[{"href":"https:\/\/klmvomtanneck.com\/index.php?rest_route=\/wp\/v2\/pages\/4583"}],"collection":[{"href":"https:\/\/klmvomtanneck.com\/index.php?rest_route=\/wp\/v2\/pages"}],"about":[{"href":"https:\/\/klmvomtanneck.com\/index.php?rest_route=\/wp\/v2\/types\/page"}],"author":[{"embeddable":true,"href":"https:\/\/klmvomtanneck.com\/index.php?rest_route=\/wp\/v2\/users\/1"}],"replies":[{"embeddable":true,"href":"https:\/\/klmvomtanneck.com\/index.php?rest_route=%2Fwp%2Fv2%2Fcomments&post=4583"}],"version-history":[{"count":3,"href":"https:\/\/klmvomtanneck.com\/index.php?rest_route=\/wp\/v2\/pages\/4583\/revisions"}],"predecessor-version":[{"id":4952,"href":"https:\/\/klmvomtanneck.com\/index.php?rest_route=\/wp\/v2\/pages\/4583\/revisions\/4952"}],"wp:attachment":[{"href":"https:\/\/klmvomtanneck.com\/index.php?rest_route=%2Fwp%2Fv2%2Fmedia&parent=4583"}],"curies":[{"name":"wp","href":"https:\/\/api.w.org\/{rel}","templated":true}]}}