{"id":4587,"date":"2019-01-09T14:52:24","date_gmt":"2019-01-09T14:52:24","guid":{"rendered":"http:\/\/klm.atworx.de\/?page_id=4587"},"modified":"2019-03-14T10:30:50","modified_gmt":"2019-03-14T10:30:50","slug":"ausbildung-pruefung","status":"publish","type":"page","link":"https:\/\/klmvomtanneck.com\/?page_id=4587","title":{"rendered":"Ausbildung \/ Pr\u00fcfung"},"content":{"rendered":"<p>[vc_row full_width=&#8220;stretch_row_content_no_spaces&#8220; overlay_dotted=&#8220;&#8220; css=&#8220;.vc_custom_1545384038903{padding-top: 8% !important;padding-bottom: 11% !important;}&#8220; el_id=&#8220;experts&#8220;][vc_column][vc_row_inner][vc_column_inner][vc_column_text css=&#8220;.vc_custom_1547028907239{padding-right: 500px !important;padding-left: 500px !important;}&#8220;]<\/p>\n<p style=\"text-align: center;\">Da es bis zum brauchbaren Jagdhund ein langer und manchmal auch schwieriger Weg ist, biete ich jedem Welpenerwerber von der VJP , \u00fcber die HZP bis zur VGP meine volle Unterst\u00fctzung an. Denn ich weiss, nicht jeder Hundebesitzer ist auch ein Hundemann. Machen wir`s also gleich richtig, von Anfang an, und nutzen die Erfahrung anderer.<\/p>\n<p style=\"text-align: center;\">Wozu Pr\u00fcfungen?<\/p>\n<p style=\"text-align: center;\">Nat\u00fcrlich macht das F\u00fchren eines Hundes bei der Jagd am meisten Spa\u00df, wenn dieser gut ausgebildet ist und somit die Anforderungen erf\u00fcllt, f\u00fcr die er vorgesehen ist!<\/p>\n<p style=\"text-align: center;\">Gerade Dinge wie F\u00fchrigkeit- Suche- Vorstehen- Apportieren, Wasser und Schwei\u00dfarbeit erfordern einiges an zeitlichem Aufwand!<\/p>\n<p style=\"text-align: center;\">Wenn man sich die Pr\u00fcfung nicht zum Ziel setzt, kann es passieren, dass die Ausbildung auf halbem Weg endet und ich nie einen nachweislich brauchbaren Hund f\u00fcr die Jagd bekomme. Durch Pr\u00fcfungen kann auch der Z\u00fcchter erkennen, ob eventuell ein Schwachpunkt vorliegt!<\/p>\n<p>[\/vc_column_text][\/vc_column_inner][\/vc_row_inner][vc_row_inner][vc_column_inner][vc_single_image image=&#8220;4972&#8243; img_size=&#8220;full&#8220; alignment=&#8220;center&#8220; css_animation=&#8220;fadeInUp&#8220;][\/vc_column_inner][\/vc_row_inner][vc_row_inner][vc_column_inner][vc_column_text css=&#8220;.vc_custom_1552470310320{padding-right: 500px !important;padding-left: 500px !important;}&#8220;]<\/p>\n<p style=\"text-align: center;\" align=\"center\">Zwingerranking von durchschnittlich 140 W\u00fcrfe im Jahr.<\/p>\n<p style=\"text-align: center;\" align=\"center\">A-Wurf Platz 13<\/p>\n<p style=\"text-align: center;\" align=\"center\">B-Wurf Platz 11<\/p>\n<p style=\"text-align: center;\" align=\"center\">C u D-Wurf Platz 2<\/p>\n<p style=\"text-align: center;\" align=\"center\">E-Wurf Platz 6<\/p>\n<p align=\"center\">F u G-Wurf Platz 12<\/p>\n<p>[\/vc_column_text][\/vc_column_inner][\/vc_row_inner][\/vc_column][\/vc_row]<\/p>\n","protected":false},"excerpt":{"rendered":"[vc_row full_width=&#8220;stretch_row_content_no_spaces&#8220; overlay_dotted=&#8220;&#8220; css=&#8220;.vc_custom_1545384038903{padding-top: 8% !important;padding-bottom: 11% !important;}&#8220; el_id=&#8220;experts&#8220;][vc_column][vc_row_inner][vc_column_inner][vc_column_text css=&#8220;.vc_custom_1547028907239{padding-right: 500px !important;padding-left: 500px !important;}&#8220;] Da es bis zum brauchbaren Jagdhund ein langer und manchmal auch schwieriger Weg ist, biete ich jedem Welpenerwerber von der VJP , \u00fcber die HZP bis zur VGP meine volle Unterst\u00fctzung an. Denn ich weiss, nicht jeder Hundebesitzer ist auch ein&#8230;","protected":false},"author":1,"featured_media":0,"parent":0,"menu_order":0,"comment_status":"closed","ping_status":"closed","template":"","meta":[],"_links":{"self":[{"href":"https:\/\/klmvomtanneck.com\/index.php?rest_route=\/wp\/v2\/pages\/4587"}],"collection":[{"href":"https:\/\/klmvomtanneck.com\/index.php?rest_route=\/wp\/v2\/pages"}],"about":[{"href":"https:\/\/klmvomtanneck.com\/index.php?rest_route=\/wp\/v2\/types\/page"}],"author":[{"embeddable":true,"href":"https:\/\/klmvomtanneck.com\/index.php?rest_route=\/wp\/v2\/users\/1"}],"replies":[{"embeddable":true,"href":"https:\/\/klmvomtanneck.com\/index.php?rest_route=%2Fwp%2Fv2%2Fcomments&post=4587"}],"version-history":[{"count":4,"href":"https:\/\/klmvomtanneck.com\/index.php?rest_route=\/wp\/v2\/pages\/4587\/revisions"}],"predecessor-version":[{"id":4948,"href":"https:\/\/klmvomtanneck.com\/index.php?rest_route=\/wp\/v2\/pages\/4587\/revisions\/4948"}],"wp:attachment":[{"href":"https:\/\/klmvomtanneck.com\/index.php?rest_route=%2Fwp%2Fv2%2Fmedia&parent=4587"}],"curies":[{"name":"wp","href":"https:\/\/api.w.org\/{rel}","templated":true}]}}